{"id":1847,"date":"2022-04-04T07:38:30","date_gmt":"2022-04-04T07:38:30","guid":{"rendered":"https:\/\/www.hotelvillagomera.com\/wohnungen\/"},"modified":"2022-10-21T17:03:18","modified_gmt":"2022-10-21T17:03:18","slug":"wohnungen","status":"publish","type":"page","link":"https:\/\/www.hotelvillagomera.com\/de\/wohnungen\/","title":{"rendered":"Wohnungen"},"content":{"rendered":"\t\t<div data-elementor-type=\"wp-page\" data-elementor-id=\"1847\" class=\"elementor elementor-1847 elementor-1415\">\n\t\t\t\t\t\t<section class=\"elementor-section elementor-top-section elementor-element elementor-element-1cecaba2 elementor-section-height-full elementor-section-content-middle elementor-section-stretched elementor-section-boxed elementor-section-height-default elementor-section-items-middle\" data-id=\"1cecaba2\" data-element_type=\"section\" data-e-type=\"section\" data-settings=\"{&quot;stretch_section&quot;:&quot;section-stretched&quot;,&quot;background_background&quot;:&quot;classic&quot;,&quot;hoteller_ext_is_background_parallax&quot;:&quot;false&quot;,&quot;hoteller_ext_is_background_on_scroll&quot;:&quot;false&quot;}\">\n\t\t\t\t\t\t<div class=\"elementor-container elementor-column-gap-default\">\n\t\t\t\t\t<div class=\"elementor-column elementor-col-100 elementor-top-column elementor-element elementor-element-1bbe438d\" data-id=\"1bbe438d\" data-element_type=\"column\" data-e-type=\"column\" data-settings=\"{&quot;hoteller_ext_link_sidemenu&quot;:&quot;false&quot;,&quot;hoteller_ext_link_fullmenu&quot;:&quot;false&quot;,&quot;hoteller_ext_is_scrollme&quot;:&quot;false&quot;,&quot;hoteller_ext_is_smoove&quot;:&quot;false&quot;,&quot;hoteller_ext_is_parallax_mouse&quot;:&quot;false&quot;,&quot;hoteller_ext_is_infinite&quot;:&quot;false&quot;,&quot;hoteller_ext_is_fadeout_animation&quot;:&quot;false&quot;}\">\n\t\t\t<div class=\"elementor-widget-wrap elementor-element-populated\">\n\t\t\t\t\t\t<div class=\"elementor-element elementor-element-46fb0daa elementor-widget elementor-widget-heading\" data-id=\"46fb0daa\" data-element_type=\"widget\" data-e-type=\"widget\" data-settings=\"{&quot;hoteller_ext_link_sidemenu&quot;:&quot;false&quot;,&quot;hoteller_ext_link_fullmenu&quot;:&quot;false&quot;,&quot;hoteller_ext_is_scrollme&quot;:&quot;false&quot;,&quot;hoteller_ext_is_smoove&quot;:&quot;false&quot;,&quot;hoteller_ext_is_parallax_mouse&quot;:&quot;false&quot;,&quot;hoteller_ext_is_infinite&quot;:&quot;false&quot;,&quot;hoteller_ext_is_fadeout_animation&quot;:&quot;false&quot;}\" data-widget_type=\"heading.default\">\n\t\t\t\t<div class=\"elementor-widget-container\">\n\t\t\t\t\t<h2 class=\"elementor-heading-title elementor-size-default\">APPARTEMENTS<\/h2>\t\t\t\t<\/div>\n\t\t\t\t<\/div>\n\t\t\t\t\t<\/div>\n\t\t<\/div>\n\t\t\t\t\t<\/div>\n\t\t<\/section>\n\t\t\t\t<section class=\"elementor-section elementor-top-section elementor-element elementor-element-3a921536 elementor-section-full_width elementor-section-stretched elementor-section-height-default elementor-section-height-default\" data-id=\"3a921536\" data-element_type=\"section\" data-e-type=\"section\" data-settings=\"{&quot;stretch_section&quot;:&quot;section-stretched&quot;,&quot;hoteller_ext_is_background_parallax&quot;:&quot;false&quot;,&quot;hoteller_ext_is_background_on_scroll&quot;:&quot;false&quot;}\">\n\t\t\t\t\t\t<div class=\"elementor-container elementor-column-gap-default\">\n\t\t\t\t\t<div class=\"elementor-column elementor-col-50 elementor-top-column elementor-element elementor-element-67fc9c5\" data-id=\"67fc9c5\" data-element_type=\"column\" data-e-type=\"column\" data-settings=\"{&quot;hoteller_ext_link_sidemenu&quot;:&quot;false&quot;,&quot;hoteller_ext_link_fullmenu&quot;:&quot;false&quot;,&quot;hoteller_ext_is_scrollme&quot;:&quot;false&quot;,&quot;hoteller_ext_is_smoove&quot;:&quot;false&quot;,&quot;hoteller_ext_is_parallax_mouse&quot;:&quot;false&quot;,&quot;hoteller_ext_is_infinite&quot;:&quot;false&quot;,&quot;hoteller_ext_is_fadeout_animation&quot;:&quot;false&quot;}\">\n\t\t\t<div class=\"elementor-widget-wrap elementor-element-populated\">\n\t\t\t\t\t\t<div class=\"elementor-element elementor-element-7a8231fc elementor-widget__width-initial elementor-widget-divider--view-line elementor-widget elementor-widget-divider\" data-id=\"7a8231fc\" data-element_type=\"widget\" data-e-type=\"widget\" data-settings=\"{&quot;hoteller_ext_link_sidemenu&quot;:&quot;false&quot;,&quot;hoteller_ext_link_fullmenu&quot;:&quot;false&quot;,&quot;hoteller_ext_is_scrollme&quot;:&quot;false&quot;,&quot;hoteller_ext_is_smoove&quot;:&quot;false&quot;,&quot;hoteller_ext_is_parallax_mouse&quot;:&quot;false&quot;,&quot;hoteller_ext_is_infinite&quot;:&quot;false&quot;,&quot;hoteller_ext_is_fadeout_animation&quot;:&quot;false&quot;}\" data-widget_type=\"divider.default\">\n\t\t\t\t<div class=\"elementor-widget-container\">\n\t\t\t\t\t\t\t<div class=\"elementor-divider\">\n\t\t\t<span class=\"elementor-divider-separator\">\n\t\t\t\t\t\t<\/span>\n\t\t<\/div>\n\t\t\t\t\t\t<\/div>\n\t\t\t\t<\/div>\n\t\t\t\t<div class=\"elementor-element elementor-element-16190117 elementor-widget elementor-widget-heading\" data-id=\"16190117\" data-element_type=\"widget\" data-e-type=\"widget\" data-settings=\"{&quot;hoteller_ext_link_sidemenu&quot;:&quot;false&quot;,&quot;hoteller_ext_link_fullmenu&quot;:&quot;false&quot;,&quot;hoteller_ext_is_scrollme&quot;:&quot;false&quot;,&quot;hoteller_ext_is_smoove&quot;:&quot;false&quot;,&quot;hoteller_ext_is_parallax_mouse&quot;:&quot;false&quot;,&quot;hoteller_ext_is_infinite&quot;:&quot;false&quot;,&quot;hoteller_ext_is_fadeout_animation&quot;:&quot;false&quot;}\" data-widget_type=\"heading.default\">\n\t\t\t\t<div class=\"elementor-widget-container\">\n\t\t\t\t\t<h2 class=\"elementor-heading-title elementor-size-default\">APPARTEMENTS<\/h2>\t\t\t\t<\/div>\n\t\t\t\t<\/div>\n\t\t\t\t<div class=\"elementor-element elementor-element-33ee913b elementor-widget elementor-widget-text-editor\" data-id=\"33ee913b\" data-element_type=\"widget\" data-e-type=\"widget\" data-settings=\"{&quot;hoteller_ext_link_sidemenu&quot;:&quot;false&quot;,&quot;hoteller_ext_link_fullmenu&quot;:&quot;false&quot;,&quot;hoteller_ext_is_scrollme&quot;:&quot;false&quot;,&quot;hoteller_ext_is_smoove&quot;:&quot;false&quot;,&quot;hoteller_ext_is_parallax_mouse&quot;:&quot;false&quot;,&quot;hoteller_ext_is_infinite&quot;:&quot;false&quot;,&quot;hoteller_ext_is_fadeout_animation&quot;:&quot;false&quot;}\" data-widget_type=\"text-editor.default\">\n\t\t\t\t<div class=\"elementor-widget-container\">\n\t\t\t\t\t\t\t\t\t<p>Die Appartements sind mit einem privaten Badezimmer mit Haartrockner, einem getrennten Wohn- und Schlafbereich, einer Terasse, einem Sofa, einem Flachbild TV mit Zugang zu nationalen und internationalen Kan\u00e4len, Wlan, Ventilator, einem Kleiderschrank, einer K\u00fcche mit Mikrowelle, K\u00fchlschrank, Herd, Sp\u00fclbecken und K\u00fcchenzubeh\u00f6r ausgestattet.<\/p>\t\t\t\t\t\t\t\t<\/div>\n\t\t\t\t<\/div>\n\t\t\t\t\t<\/div>\n\t\t<\/div>\n\t\t\t\t<div class=\"elementor-column elementor-col-50 elementor-top-column elementor-element elementor-element-3ed9e83\" data-id=\"3ed9e83\" data-element_type=\"column\" data-e-type=\"column\" data-settings=\"{&quot;background_background&quot;:&quot;classic&quot;,&quot;hoteller_ext_link_sidemenu&quot;:&quot;false&quot;,&quot;hoteller_ext_link_fullmenu&quot;:&quot;false&quot;,&quot;hoteller_ext_is_scrollme&quot;:&quot;false&quot;,&quot;hoteller_ext_is_smoove&quot;:&quot;false&quot;,&quot;hoteller_ext_is_parallax_mouse&quot;:&quot;false&quot;,&quot;hoteller_ext_is_infinite&quot;:&quot;false&quot;,&quot;hoteller_ext_is_fadeout_animation&quot;:&quot;false&quot;}\">\n\t\t\t<div class=\"elementor-widget-wrap elementor-element-populated\">\n\t\t\t\t\t\t<div class=\"elementor-element elementor-element-78eaff7f elementor-widget elementor-widget-image\" data-id=\"78eaff7f\" data-element_type=\"widget\" data-e-type=\"widget\" data-settings=\"{&quot;hoteller_image_is_animation&quot;:&quot;false&quot;,&quot;hoteller_ext_link_sidemenu&quot;:&quot;false&quot;,&quot;hoteller_ext_link_fullmenu&quot;:&quot;false&quot;,&quot;hoteller_ext_is_scrollme&quot;:&quot;false&quot;,&quot;hoteller_ext_is_smoove&quot;:&quot;false&quot;,&quot;hoteller_ext_is_parallax_mouse&quot;:&quot;false&quot;,&quot;hoteller_ext_is_infinite&quot;:&quot;false&quot;,&quot;hoteller_ext_is_fadeout_animation&quot;:&quot;false&quot;}\" data-widget_type=\"image.default\">\n\t\t\t\t<div class=\"elementor-widget-container\">\n\t\t\t\t\t\t\t\t\t\t\t\t\t\t\t<img fetchpriority=\"high\" decoding=\"async\" width=\"1024\" height=\"682\" src=\"https:\/\/www.hotelvillagomera.com\/wp-content\/uploads\/2022\/04\/WhatsApp-Image-2022-04-02-at-1.23.41-PM-1024x682.jpeg\" class=\"attachment-large size-large wp-image-1649\" alt=\"\" srcset=\"https:\/\/www.hotelvillagomera.com\/wp-content\/uploads\/2022\/04\/WhatsApp-Image-2022-04-02-at-1.23.41-PM-1024x682.jpeg 1024w, https:\/\/www.hotelvillagomera.com\/wp-content\/uploads\/2022\/04\/WhatsApp-Image-2022-04-02-at-1.23.41-PM-300x200.jpeg 300w, https:\/\/www.hotelvillagomera.com\/wp-content\/uploads\/2022\/04\/WhatsApp-Image-2022-04-02-at-1.23.41-PM-768x512.jpeg 768w, https:\/\/www.hotelvillagomera.com\/wp-content\/uploads\/2022\/04\/WhatsApp-Image-2022-04-02-at-1.23.41-PM-1536x1023.jpeg 1536w, https:\/\/www.hotelvillagomera.com\/wp-content\/uploads\/2022\/04\/WhatsApp-Image-2022-04-02-at-1.23.41-PM-700x466.jpeg 700w, https:\/\/www.hotelvillagomera.com\/wp-content\/uploads\/2022\/04\/WhatsApp-Image-2022-04-02-at-1.23.41-PM-440x293.jpeg 440w, https:\/\/www.hotelvillagomera.com\/wp-content\/uploads\/2022\/04\/WhatsApp-Image-2022-04-02-at-1.23.41-PM-600x400.jpeg 600w, https:\/\/www.hotelvillagomera.com\/wp-content\/uploads\/2022\/04\/WhatsApp-Image-2022-04-02-at-1.23.41-PM.jpeg 2048w\" sizes=\"(max-width: 1024px) 100vw, 1024px\" \/>\t\t\t\t\t\t\t\t\t\t\t\t\t\t\t<\/div>\n\t\t\t\t<\/div>\n\t\t\t\t\t<\/div>\n\t\t<\/div>\n\t\t\t\t\t<\/div>\n\t\t<\/section>\n\t\t\t\t<section class=\"elementor-section elementor-top-section elementor-element elementor-element-3fba574e elementor-section-full_width elementor-section-stretched elementor-section-height-default elementor-section-height-default\" data-id=\"3fba574e\" data-element_type=\"section\" data-e-type=\"section\" data-settings=\"{&quot;stretch_section&quot;:&quot;section-stretched&quot;,&quot;hoteller_ext_is_background_parallax&quot;:&quot;false&quot;,&quot;hoteller_ext_is_background_on_scroll&quot;:&quot;false&quot;}\">\n\t\t\t\t\t\t<div class=\"elementor-container elementor-column-gap-default\">\n\t\t\t\t\t<div class=\"elementor-column elementor-col-100 elementor-top-column elementor-element elementor-element-3fb1a9b0\" data-id=\"3fb1a9b0\" data-element_type=\"column\" data-e-type=\"column\" data-settings=\"{&quot;hoteller_ext_link_sidemenu&quot;:&quot;false&quot;,&quot;hoteller_ext_link_fullmenu&quot;:&quot;false&quot;,&quot;hoteller_ext_is_scrollme&quot;:&quot;false&quot;,&quot;hoteller_ext_is_smoove&quot;:&quot;false&quot;,&quot;hoteller_ext_is_parallax_mouse&quot;:&quot;false&quot;,&quot;hoteller_ext_is_infinite&quot;:&quot;false&quot;,&quot;hoteller_ext_is_fadeout_animation&quot;:&quot;false&quot;}\">\n\t\t\t<div class=\"elementor-widget-wrap elementor-element-populated\">\n\t\t\t\t\t\t<div class=\"elementor-element elementor-element-453dba1c elementor-widget elementor-widget-hoteller-gallery-horizontal\" data-id=\"453dba1c\" data-element_type=\"widget\" data-e-type=\"widget\" data-settings=\"{&quot;hoteller_ext_link_sidemenu&quot;:&quot;false&quot;,&quot;hoteller_ext_link_fullmenu&quot;:&quot;false&quot;,&quot;hoteller_ext_is_scrollme&quot;:&quot;false&quot;,&quot;hoteller_ext_is_smoove&quot;:&quot;false&quot;,&quot;hoteller_ext_is_parallax_mouse&quot;:&quot;false&quot;,&quot;hoteller_ext_is_infinite&quot;:&quot;false&quot;,&quot;hoteller_ext_is_fadeout_animation&quot;:&quot;false&quot;}\" data-widget_type=\"hoteller-gallery-horizontal.default\">\n\t\t\t\t<div class=\"elementor-widget-container\">\n\t\t\t\t\t<div class=\"tg_horizontal_gallery_wrapper\" data-autoplay=\"0\" data-loop=\"1\" data-navigation=\"1\" data-pagination=\"0\" data-parallax=\"0\" data-fullscreen=\"0\">\n\t\t<div class=\"tg_horizontal_gallery_cell\" style=\"margin-right:40px\">\n\t\t\t\t\t\t<img class=\"tg_horizontal_gallery_cell_img\" data-flickity-lazyload=\"https:\/\/www.hotelvillagomera.com\/wp-content\/uploads\/2022\/04\/WhatsApp-Image-2022-04-02-at-1.23.41-PM-1-1024x682.jpeg\" alt=\"\" style=\"height:500px;\" \/>\n\t\t\t\t\t<\/div>\n\t\t<div class=\"tg_horizontal_gallery_cell\" style=\"margin-right:40px\">\n\t\t\t\t\t\t<img class=\"tg_horizontal_gallery_cell_img\" data-flickity-lazyload=\"https:\/\/www.hotelvillagomera.com\/wp-content\/uploads\/2022\/04\/WhatsApp-Image-2022-04-02-at-1.23.44-PM-682x1024.jpeg\" alt=\"\" style=\"height:500px;\" \/>\n\t\t\t\t\t<\/div>\n\t\t<div class=\"tg_horizontal_gallery_cell\" style=\"margin-right:40px\">\n\t\t\t\t\t\t<img class=\"tg_horizontal_gallery_cell_img\" data-flickity-lazyload=\"https:\/\/www.hotelvillagomera.com\/wp-content\/uploads\/2022\/04\/WhatsApp-Image-2022-04-02-at-1.23.43-PM-1-1-1024x683.jpeg\" alt=\"\" style=\"height:500px;\" \/>\n\t\t\t\t\t<\/div>\n\t\t<div class=\"tg_horizontal_gallery_cell\" style=\"margin-right:40px\">\n\t\t\t\t\t\t<img class=\"tg_horizontal_gallery_cell_img\" data-flickity-lazyload=\"https:\/\/www.hotelvillagomera.com\/wp-content\/uploads\/2022\/04\/WhatsApp-Image-2022-04-02-at-1.23.43-PM-682x1024.jpeg\" alt=\"\" style=\"height:500px;\" \/>\n\t\t\t\t\t<\/div>\n\t\t<div class=\"tg_horizontal_gallery_cell\" style=\"margin-right:40px\">\n\t\t\t\t\t\t<img class=\"tg_horizontal_gallery_cell_img\" data-flickity-lazyload=\"https:\/\/www.hotelvillagomera.com\/wp-content\/uploads\/2022\/04\/WhatsApp-Image-2022-04-02-at-1.23.42-PM-1-1024x683.jpeg\" alt=\"\" style=\"height:500px;\" \/>\n\t\t\t\t\t<\/div>\n\t\t<div class=\"tg_horizontal_gallery_cell\" style=\"margin-right:40px\">\n\t\t\t\t\t\t<img class=\"tg_horizontal_gallery_cell_img\" data-flickity-lazyload=\"https:\/\/www.hotelvillagomera.com\/wp-content\/uploads\/2022\/04\/WhatsApp-Image-2022-04-02-at-1.23.42-PM-1024x682.jpeg\" alt=\"\" style=\"height:500px;\" \/>\n\t\t\t\t\t<\/div>\n<\/div>\n\t\t\t\t<\/div>\n\t\t\t\t<\/div>\n\t\t\t\t\t<\/div>\n\t\t<\/div>\n\t\t\t\t\t<\/div>\n\t\t<\/section>\n\t\t\t\t<\/div>\n\t\t","protected":false},"excerpt":{"rendered":"<p>APPARTEMENTS APPARTEMENTS Die Appartements sind mit einem privaten Badezimmer mit Haartrockner, einem getrennten Wohn- und Schlafbereich, einer Terasse, einem Sofa, einem Flachbild TV mit Zugang zu nationalen und internationalen Kan\u00e4len, Wlan, Ventilator, einem Kleiderschrank, einer K\u00fcche mit Mikrowelle, K\u00fchlschrank, Herd, [&hellip;]<\/p>\n","protected":false},"author":1,"featured_media":0,"parent":0,"menu_order":0,"comment_status":"closed","ping_status":"closed","template":"","meta":{"content-type":"","footnotes":""},"class_list":["post-1847","page","type-page","status-publish","hentry"],"yoast_head":"<!-- This site is optimized with the Yoast SEO plugin v27.4 - https:\/\/yoast.com\/product\/yoast-seo-wordpress\/ -->\n<title>Wohnungen - Hotel Villa Gomera<\/title>\n<meta name=\"robots\" content=\"index, follow, max-snippet:-1, max-image-preview:large, max-video-preview:-1\" \/>\n<link rel=\"canonical\" href=\"https:\/\/www.hotelvillagomera.com\/de\/wohnungen\/\" \/>\n<meta property=\"og:locale\" content=\"de_DE\" \/>\n<meta property=\"og:type\" content=\"article\" \/>\n<meta property=\"og:title\" content=\"Wohnungen - Hotel Villa Gomera\" \/>\n<meta property=\"og:description\" content=\"APPARTEMENTS APPARTEMENTS Die Appartements sind mit einem privaten Badezimmer mit Haartrockner, einem getrennten Wohn- und Schlafbereich, einer Terasse, einem Sofa, einem Flachbild TV mit Zugang zu nationalen und internationalen Kan\u00e4len, Wlan, Ventilator, einem Kleiderschrank, einer K\u00fcche mit Mikrowelle, K\u00fchlschrank, Herd, [&hellip;]\" \/>\n<meta property=\"og:url\" content=\"https:\/\/www.hotelvillagomera.com\/de\/wohnungen\/\" \/>\n<meta property=\"og:site_name\" content=\"Hotel Villa Gomera\" \/>\n<meta property=\"article:modified_time\" content=\"2022-10-21T17:03:18+00:00\" \/>\n<meta property=\"og:image\" content=\"https:\/\/www.hotelvillagomera.com\/wp-content\/uploads\/2022\/04\/WhatsApp-Image-2022-04-02-at-1.23.41-PM-1024x682.jpeg\" \/>\n<meta name=\"twitter:card\" content=\"summary_large_image\" \/>\n<meta name=\"twitter:label1\" content=\"Gesch\u00e4tzte Lesezeit\" \/>\n\t<meta name=\"twitter:data1\" content=\"2\u00a0Minuten\" \/>\n<script type=\"application\/ld+json\" class=\"yoast-schema-graph\">{\"@context\":\"https:\\\/\\\/schema.org\",\"@graph\":[{\"@type\":\"WebPage\",\"@id\":\"https:\\\/\\\/www.hotelvillagomera.com\\\/de\\\/wohnungen\\\/\",\"url\":\"https:\\\/\\\/www.hotelvillagomera.com\\\/de\\\/wohnungen\\\/\",\"name\":\"Wohnungen - Hotel Villa Gomera\",\"isPartOf\":{\"@id\":\"https:\\\/\\\/www.hotelvillagomera.com\\\/de\\\/#website\"},\"primaryImageOfPage\":{\"@id\":\"https:\\\/\\\/www.hotelvillagomera.com\\\/de\\\/wohnungen\\\/#primaryimage\"},\"image\":{\"@id\":\"https:\\\/\\\/www.hotelvillagomera.com\\\/de\\\/wohnungen\\\/#primaryimage\"},\"thumbnailUrl\":\"https:\\\/\\\/www.hotelvillagomera.com\\\/wp-content\\\/uploads\\\/2022\\\/04\\\/WhatsApp-Image-2022-04-02-at-1.23.41-PM-1024x682.jpeg\",\"datePublished\":\"2022-04-04T07:38:30+00:00\",\"dateModified\":\"2022-10-21T17:03:18+00:00\",\"breadcrumb\":{\"@id\":\"https:\\\/\\\/www.hotelvillagomera.com\\\/de\\\/wohnungen\\\/#breadcrumb\"},\"inLanguage\":\"de\",\"potentialAction\":[{\"@type\":\"ReadAction\",\"target\":[\"https:\\\/\\\/www.hotelvillagomera.com\\\/de\\\/wohnungen\\\/\"]}]},{\"@type\":\"ImageObject\",\"inLanguage\":\"de\",\"@id\":\"https:\\\/\\\/www.hotelvillagomera.com\\\/de\\\/wohnungen\\\/#primaryimage\",\"url\":\"https:\\\/\\\/www.hotelvillagomera.com\\\/wp-content\\\/uploads\\\/2022\\\/04\\\/WhatsApp-Image-2022-04-02-at-1.23.41-PM-1024x682.jpeg\",\"contentUrl\":\"https:\\\/\\\/www.hotelvillagomera.com\\\/wp-content\\\/uploads\\\/2022\\\/04\\\/WhatsApp-Image-2022-04-02-at-1.23.41-PM-1024x682.jpeg\"},{\"@type\":\"BreadcrumbList\",\"@id\":\"https:\\\/\\\/www.hotelvillagomera.com\\\/de\\\/wohnungen\\\/#breadcrumb\",\"itemListElement\":[{\"@type\":\"ListItem\",\"position\":1,\"name\":\"Home\",\"item\":\"https:\\\/\\\/www.hotelvillagomera.com\\\/de\\\/\"},{\"@type\":\"ListItem\",\"position\":2,\"name\":\"Wohnungen\"}]},{\"@type\":\"WebSite\",\"@id\":\"https:\\\/\\\/www.hotelvillagomera.com\\\/de\\\/#website\",\"url\":\"https:\\\/\\\/www.hotelvillagomera.com\\\/de\\\/\",\"name\":\"Hotel Villa Gomera\",\"description\":\"\",\"potentialAction\":[{\"@type\":\"SearchAction\",\"target\":{\"@type\":\"EntryPoint\",\"urlTemplate\":\"https:\\\/\\\/www.hotelvillagomera.com\\\/de\\\/?s={search_term_string}\"},\"query-input\":{\"@type\":\"PropertyValueSpecification\",\"valueRequired\":true,\"valueName\":\"search_term_string\"}}],\"inLanguage\":\"de\"}]}<\/script>\n<!-- \/ Yoast SEO plugin. -->","yoast_head_json":{"title":"Wohnungen - Hotel Villa Gomera","robots":{"index":"index","follow":"follow","max-snippet":"max-snippet:-1","max-image-preview":"max-image-preview:large","max-video-preview":"max-video-preview:-1"},"canonical":"https:\/\/www.hotelvillagomera.com\/de\/wohnungen\/","og_locale":"de_DE","og_type":"article","og_title":"Wohnungen - Hotel Villa Gomera","og_description":"APPARTEMENTS APPARTEMENTS Die Appartements sind mit einem privaten Badezimmer mit Haartrockner, einem getrennten Wohn- und Schlafbereich, einer Terasse, einem Sofa, einem Flachbild TV mit Zugang zu nationalen und internationalen Kan\u00e4len, Wlan, Ventilator, einem Kleiderschrank, einer K\u00fcche mit Mikrowelle, K\u00fchlschrank, Herd, [&hellip;]","og_url":"https:\/\/www.hotelvillagomera.com\/de\/wohnungen\/","og_site_name":"Hotel Villa Gomera","article_modified_time":"2022-10-21T17:03:18+00:00","og_image":[{"url":"https:\/\/www.hotelvillagomera.com\/wp-content\/uploads\/2022\/04\/WhatsApp-Image-2022-04-02-at-1.23.41-PM-1024x682.jpeg","type":"","width":"","height":""}],"twitter_card":"summary_large_image","twitter_misc":{"Gesch\u00e4tzte Lesezeit":"2\u00a0Minuten"},"schema":{"@context":"https:\/\/schema.org","@graph":[{"@type":"WebPage","@id":"https:\/\/www.hotelvillagomera.com\/de\/wohnungen\/","url":"https:\/\/www.hotelvillagomera.com\/de\/wohnungen\/","name":"Wohnungen - Hotel Villa Gomera","isPartOf":{"@id":"https:\/\/www.hotelvillagomera.com\/de\/#website"},"primaryImageOfPage":{"@id":"https:\/\/www.hotelvillagomera.com\/de\/wohnungen\/#primaryimage"},"image":{"@id":"https:\/\/www.hotelvillagomera.com\/de\/wohnungen\/#primaryimage"},"thumbnailUrl":"https:\/\/www.hotelvillagomera.com\/wp-content\/uploads\/2022\/04\/WhatsApp-Image-2022-04-02-at-1.23.41-PM-1024x682.jpeg","datePublished":"2022-04-04T07:38:30+00:00","dateModified":"2022-10-21T17:03:18+00:00","breadcrumb":{"@id":"https:\/\/www.hotelvillagomera.com\/de\/wohnungen\/#breadcrumb"},"inLanguage":"de","potentialAction":[{"@type":"ReadAction","target":["https:\/\/www.hotelvillagomera.com\/de\/wohnungen\/"]}]},{"@type":"ImageObject","inLanguage":"de","@id":"https:\/\/www.hotelvillagomera.com\/de\/wohnungen\/#primaryimage","url":"https:\/\/www.hotelvillagomera.com\/wp-content\/uploads\/2022\/04\/WhatsApp-Image-2022-04-02-at-1.23.41-PM-1024x682.jpeg","contentUrl":"https:\/\/www.hotelvillagomera.com\/wp-content\/uploads\/2022\/04\/WhatsApp-Image-2022-04-02-at-1.23.41-PM-1024x682.jpeg"},{"@type":"BreadcrumbList","@id":"https:\/\/www.hotelvillagomera.com\/de\/wohnungen\/#breadcrumb","itemListElement":[{"@type":"ListItem","position":1,"name":"Home","item":"https:\/\/www.hotelvillagomera.com\/de\/"},{"@type":"ListItem","position":2,"name":"Wohnungen"}]},{"@type":"WebSite","@id":"https:\/\/www.hotelvillagomera.com\/de\/#website","url":"https:\/\/www.hotelvillagomera.com\/de\/","name":"Hotel Villa Gomera","description":"","potentialAction":[{"@type":"SearchAction","target":{"@type":"EntryPoint","urlTemplate":"https:\/\/www.hotelvillagomera.com\/de\/?s={search_term_string}"},"query-input":{"@type":"PropertyValueSpecification","valueRequired":true,"valueName":"search_term_string"}}],"inLanguage":"de"}]}},"_links":{"self":[{"href":"https:\/\/www.hotelvillagomera.com\/de\/wp-json\/wp\/v2\/pages\/1847","targetHints":{"allow":["GET"]}}],"collection":[{"href":"https:\/\/www.hotelvillagomera.com\/de\/wp-json\/wp\/v2\/pages"}],"about":[{"href":"https:\/\/www.hotelvillagomera.com\/de\/wp-json\/wp\/v2\/types\/page"}],"author":[{"embeddable":true,"href":"https:\/\/www.hotelvillagomera.com\/de\/wp-json\/wp\/v2\/users\/1"}],"replies":[{"embeddable":true,"href":"https:\/\/www.hotelvillagomera.com\/de\/wp-json\/wp\/v2\/comments?post=1847"}],"version-history":[{"count":9,"href":"https:\/\/www.hotelvillagomera.com\/de\/wp-json\/wp\/v2\/pages\/1847\/revisions"}],"predecessor-version":[{"id":2025,"href":"https:\/\/www.hotelvillagomera.com\/de\/wp-json\/wp\/v2\/pages\/1847\/revisions\/2025"}],"wp:attachment":[{"href":"https:\/\/www.hotelvillagomera.com\/de\/wp-json\/wp\/v2\/media?parent=1847"}],"curies":[{"name":"wp","href":"https:\/\/api.w.org\/{rel}","templated":true}]}}