{"id":1841,"date":"2022-04-03T18:44:00","date_gmt":"2022-04-03T18:44:00","guid":{"rendered":"https:\/\/www.hotelvillagomera.com\/studien\/"},"modified":"2022-10-21T17:05:55","modified_gmt":"2022-10-21T17:05:55","slug":"studien","status":"publish","type":"page","link":"https:\/\/www.hotelvillagomera.com\/de\/studien\/","title":{"rendered":"Studien"},"content":{"rendered":"\t\t<div data-elementor-type=\"wp-page\" data-elementor-id=\"1841\" class=\"elementor elementor-1841 elementor-1398\">\n\t\t\t\t\t\t<section class=\"elementor-section elementor-top-section elementor-element elementor-element-10257221 elementor-section-height-full elementor-section-content-middle elementor-section-stretched elementor-section-boxed elementor-section-height-default elementor-section-items-middle\" data-id=\"10257221\" data-element_type=\"section\" data-e-type=\"section\" data-settings=\"{&quot;stretch_section&quot;:&quot;section-stretched&quot;,&quot;background_background&quot;:&quot;classic&quot;,&quot;hoteller_ext_is_background_parallax&quot;:&quot;false&quot;,&quot;hoteller_ext_is_background_on_scroll&quot;:&quot;false&quot;}\">\n\t\t\t\t\t\t<div class=\"elementor-container elementor-column-gap-default\">\n\t\t\t\t\t<div class=\"elementor-column elementor-col-100 elementor-top-column elementor-element elementor-element-59838bf0\" data-id=\"59838bf0\" data-element_type=\"column\" data-e-type=\"column\" data-settings=\"{&quot;hoteller_ext_link_sidemenu&quot;:&quot;false&quot;,&quot;hoteller_ext_link_fullmenu&quot;:&quot;false&quot;,&quot;hoteller_ext_is_scrollme&quot;:&quot;false&quot;,&quot;hoteller_ext_is_smoove&quot;:&quot;false&quot;,&quot;hoteller_ext_is_parallax_mouse&quot;:&quot;false&quot;,&quot;hoteller_ext_is_infinite&quot;:&quot;false&quot;,&quot;hoteller_ext_is_fadeout_animation&quot;:&quot;false&quot;}\">\n\t\t\t<div class=\"elementor-widget-wrap elementor-element-populated\">\n\t\t\t\t\t\t<div class=\"elementor-element elementor-element-259e1089 elementor-widget elementor-widget-heading\" data-id=\"259e1089\" data-element_type=\"widget\" data-e-type=\"widget\" data-settings=\"{&quot;hoteller_ext_link_sidemenu&quot;:&quot;false&quot;,&quot;hoteller_ext_link_fullmenu&quot;:&quot;false&quot;,&quot;hoteller_ext_is_scrollme&quot;:&quot;false&quot;,&quot;hoteller_ext_is_smoove&quot;:&quot;false&quot;,&quot;hoteller_ext_is_parallax_mouse&quot;:&quot;false&quot;,&quot;hoteller_ext_is_infinite&quot;:&quot;false&quot;,&quot;hoteller_ext_is_fadeout_animation&quot;:&quot;false&quot;}\" data-widget_type=\"heading.default\">\n\t\t\t\t<div class=\"elementor-widget-container\">\n\t\t\t\t\t<h2 class=\"elementor-heading-title elementor-size-default\">STUDIOS<\/h2>\t\t\t\t<\/div>\n\t\t\t\t<\/div>\n\t\t\t\t\t<\/div>\n\t\t<\/div>\n\t\t\t\t\t<\/div>\n\t\t<\/section>\n\t\t\t\t<section class=\"elementor-section elementor-top-section elementor-element elementor-element-13ea5ece elementor-section-full_width elementor-section-stretched elementor-section-height-default elementor-section-height-default\" data-id=\"13ea5ece\" data-element_type=\"section\" data-e-type=\"section\" data-settings=\"{&quot;stretch_section&quot;:&quot;section-stretched&quot;,&quot;hoteller_ext_is_background_parallax&quot;:&quot;false&quot;,&quot;hoteller_ext_is_background_on_scroll&quot;:&quot;false&quot;}\">\n\t\t\t\t\t\t<div class=\"elementor-container elementor-column-gap-default\">\n\t\t\t\t\t<div class=\"elementor-column elementor-col-50 elementor-top-column elementor-element elementor-element-69c9afc5\" data-id=\"69c9afc5\" data-element_type=\"column\" data-e-type=\"column\" data-settings=\"{&quot;hoteller_ext_link_sidemenu&quot;:&quot;false&quot;,&quot;hoteller_ext_link_fullmenu&quot;:&quot;false&quot;,&quot;hoteller_ext_is_scrollme&quot;:&quot;false&quot;,&quot;hoteller_ext_is_smoove&quot;:&quot;false&quot;,&quot;hoteller_ext_is_parallax_mouse&quot;:&quot;false&quot;,&quot;hoteller_ext_is_infinite&quot;:&quot;false&quot;,&quot;hoteller_ext_is_fadeout_animation&quot;:&quot;false&quot;}\">\n\t\t\t<div class=\"elementor-widget-wrap elementor-element-populated\">\n\t\t\t\t\t\t<div class=\"elementor-element elementor-element-6f6aece7 elementor-widget__width-initial elementor-widget-divider--view-line elementor-widget elementor-widget-divider\" data-id=\"6f6aece7\" data-element_type=\"widget\" data-e-type=\"widget\" data-settings=\"{&quot;hoteller_ext_link_sidemenu&quot;:&quot;false&quot;,&quot;hoteller_ext_link_fullmenu&quot;:&quot;false&quot;,&quot;hoteller_ext_is_scrollme&quot;:&quot;false&quot;,&quot;hoteller_ext_is_smoove&quot;:&quot;false&quot;,&quot;hoteller_ext_is_parallax_mouse&quot;:&quot;false&quot;,&quot;hoteller_ext_is_infinite&quot;:&quot;false&quot;,&quot;hoteller_ext_is_fadeout_animation&quot;:&quot;false&quot;}\" data-widget_type=\"divider.default\">\n\t\t\t\t<div class=\"elementor-widget-container\">\n\t\t\t\t\t\t\t<div class=\"elementor-divider\">\n\t\t\t<span class=\"elementor-divider-separator\">\n\t\t\t\t\t\t<\/span>\n\t\t<\/div>\n\t\t\t\t\t\t<\/div>\n\t\t\t\t<\/div>\n\t\t\t\t<div class=\"elementor-element elementor-element-796c093c elementor-widget elementor-widget-heading\" data-id=\"796c093c\" data-element_type=\"widget\" data-e-type=\"widget\" data-settings=\"{&quot;hoteller_ext_link_sidemenu&quot;:&quot;false&quot;,&quot;hoteller_ext_link_fullmenu&quot;:&quot;false&quot;,&quot;hoteller_ext_is_scrollme&quot;:&quot;false&quot;,&quot;hoteller_ext_is_smoove&quot;:&quot;false&quot;,&quot;hoteller_ext_is_parallax_mouse&quot;:&quot;false&quot;,&quot;hoteller_ext_is_infinite&quot;:&quot;false&quot;,&quot;hoteller_ext_is_fadeout_animation&quot;:&quot;false&quot;}\" data-widget_type=\"heading.default\">\n\t\t\t\t<div class=\"elementor-widget-container\">\n\t\t\t\t\t<h2 class=\"elementor-heading-title elementor-size-default\">STUDIOS<\/h2>\t\t\t\t<\/div>\n\t\t\t\t<\/div>\n\t\t\t\t<div class=\"elementor-element elementor-element-ed694a6 elementor-widget elementor-widget-text-editor\" data-id=\"ed694a6\" data-element_type=\"widget\" data-e-type=\"widget\" data-settings=\"{&quot;hoteller_ext_link_sidemenu&quot;:&quot;false&quot;,&quot;hoteller_ext_link_fullmenu&quot;:&quot;false&quot;,&quot;hoteller_ext_is_scrollme&quot;:&quot;false&quot;,&quot;hoteller_ext_is_smoove&quot;:&quot;false&quot;,&quot;hoteller_ext_is_parallax_mouse&quot;:&quot;false&quot;,&quot;hoteller_ext_is_infinite&quot;:&quot;false&quot;,&quot;hoteller_ext_is_fadeout_animation&quot;:&quot;false&quot;}\" data-widget_type=\"text-editor.default\">\n\t\t\t\t<div class=\"elementor-widget-container\">\n\t\t\t\t\t\t\t\t\t<p>Die Sudios haben ein privates Badezimmer mit Haartrockner, einen Flachbild TV mit Zugang zu nationalen und internationalen Kan\u00e4len, Wlan, Ventilator, einen Kleiderschrank und eine K\u00fcche ausgestattet mit Mikrowelle, K\u00fchlschrank, Herd, Sp\u00fclbecken und K\u00fcchenzubeh\u00f6r.<\/p>\t\t\t\t\t\t\t\t<\/div>\n\t\t\t\t<\/div>\n\t\t\t\t\t<\/div>\n\t\t<\/div>\n\t\t\t\t<div class=\"elementor-column elementor-col-50 elementor-top-column elementor-element elementor-element-37c5791d\" data-id=\"37c5791d\" data-element_type=\"column\" data-e-type=\"column\" data-settings=\"{&quot;background_background&quot;:&quot;classic&quot;,&quot;hoteller_ext_link_sidemenu&quot;:&quot;false&quot;,&quot;hoteller_ext_link_fullmenu&quot;:&quot;false&quot;,&quot;hoteller_ext_is_scrollme&quot;:&quot;false&quot;,&quot;hoteller_ext_is_smoove&quot;:&quot;false&quot;,&quot;hoteller_ext_is_parallax_mouse&quot;:&quot;false&quot;,&quot;hoteller_ext_is_infinite&quot;:&quot;false&quot;,&quot;hoteller_ext_is_fadeout_animation&quot;:&quot;false&quot;}\">\n\t\t\t<div class=\"elementor-widget-wrap elementor-element-populated\">\n\t\t\t\t\t\t<div class=\"elementor-element elementor-element-27eb4c7 elementor-widget elementor-widget-image\" data-id=\"27eb4c7\" data-element_type=\"widget\" data-e-type=\"widget\" data-settings=\"{&quot;hoteller_image_is_animation&quot;:&quot;false&quot;,&quot;hoteller_ext_link_sidemenu&quot;:&quot;false&quot;,&quot;hoteller_ext_link_fullmenu&quot;:&quot;false&quot;,&quot;hoteller_ext_is_scrollme&quot;:&quot;false&quot;,&quot;hoteller_ext_is_smoove&quot;:&quot;false&quot;,&quot;hoteller_ext_is_parallax_mouse&quot;:&quot;false&quot;,&quot;hoteller_ext_is_infinite&quot;:&quot;false&quot;,&quot;hoteller_ext_is_fadeout_animation&quot;:&quot;false&quot;}\" data-widget_type=\"image.default\">\n\t\t\t\t<div class=\"elementor-widget-container\">\n\t\t\t\t\t\t\t\t\t\t\t\t\t\t\t<img fetchpriority=\"high\" decoding=\"async\" width=\"1024\" height=\"682\" src=\"https:\/\/www.hotelvillagomera.com\/wp-content\/uploads\/2022\/04\/DSC2850-1-1024x682.jpg\" class=\"attachment-large size-large wp-image-1637\" alt=\"\" srcset=\"https:\/\/www.hotelvillagomera.com\/wp-content\/uploads\/2022\/04\/DSC2850-1-1024x682.jpg 1024w, https:\/\/www.hotelvillagomera.com\/wp-content\/uploads\/2022\/04\/DSC2850-1-300x200.jpg 300w, https:\/\/www.hotelvillagomera.com\/wp-content\/uploads\/2022\/04\/DSC2850-1-768x512.jpg 768w, https:\/\/www.hotelvillagomera.com\/wp-content\/uploads\/2022\/04\/DSC2850-1-700x466.jpg 700w, https:\/\/www.hotelvillagomera.com\/wp-content\/uploads\/2022\/04\/DSC2850-1-440x293.jpg 440w, https:\/\/www.hotelvillagomera.com\/wp-content\/uploads\/2022\/04\/DSC2850-1-600x400.jpg 600w, https:\/\/www.hotelvillagomera.com\/wp-content\/uploads\/2022\/04\/DSC2850-1.jpg 1400w\" sizes=\"(max-width: 1024px) 100vw, 1024px\" \/>\t\t\t\t\t\t\t\t\t\t\t\t\t\t\t<\/div>\n\t\t\t\t<\/div>\n\t\t\t\t\t<\/div>\n\t\t<\/div>\n\t\t\t\t\t<\/div>\n\t\t<\/section>\n\t\t\t\t<section class=\"elementor-section elementor-top-section elementor-element elementor-element-6949ec90 elementor-section-full_width elementor-section-stretched elementor-section-height-default elementor-section-height-default\" data-id=\"6949ec90\" data-element_type=\"section\" data-e-type=\"section\" data-settings=\"{&quot;stretch_section&quot;:&quot;section-stretched&quot;,&quot;hoteller_ext_is_background_parallax&quot;:&quot;false&quot;,&quot;hoteller_ext_is_background_on_scroll&quot;:&quot;false&quot;}\">\n\t\t\t\t\t\t<div class=\"elementor-container elementor-column-gap-default\">\n\t\t\t\t\t<div class=\"elementor-column elementor-col-100 elementor-top-column elementor-element elementor-element-6d527ae6\" data-id=\"6d527ae6\" data-element_type=\"column\" data-e-type=\"column\" data-settings=\"{&quot;hoteller_ext_link_sidemenu&quot;:&quot;false&quot;,&quot;hoteller_ext_link_fullmenu&quot;:&quot;false&quot;,&quot;hoteller_ext_is_scrollme&quot;:&quot;false&quot;,&quot;hoteller_ext_is_smoove&quot;:&quot;false&quot;,&quot;hoteller_ext_is_parallax_mouse&quot;:&quot;false&quot;,&quot;hoteller_ext_is_infinite&quot;:&quot;false&quot;,&quot;hoteller_ext_is_fadeout_animation&quot;:&quot;false&quot;}\">\n\t\t\t<div class=\"elementor-widget-wrap elementor-element-populated\">\n\t\t\t\t\t\t<div class=\"elementor-element elementor-element-2bc822e2 elementor-widget elementor-widget-hoteller-gallery-horizontal\" data-id=\"2bc822e2\" data-element_type=\"widget\" data-e-type=\"widget\" data-settings=\"{&quot;hoteller_ext_link_sidemenu&quot;:&quot;false&quot;,&quot;hoteller_ext_link_fullmenu&quot;:&quot;false&quot;,&quot;hoteller_ext_is_scrollme&quot;:&quot;false&quot;,&quot;hoteller_ext_is_smoove&quot;:&quot;false&quot;,&quot;hoteller_ext_is_parallax_mouse&quot;:&quot;false&quot;,&quot;hoteller_ext_is_infinite&quot;:&quot;false&quot;,&quot;hoteller_ext_is_fadeout_animation&quot;:&quot;false&quot;}\" data-widget_type=\"hoteller-gallery-horizontal.default\">\n\t\t\t\t<div class=\"elementor-widget-container\">\n\t\t\t\t\t<div class=\"tg_horizontal_gallery_wrapper\" data-autoplay=\"0\" data-loop=\"1\" data-navigation=\"1\" data-pagination=\"0\" data-parallax=\"0\" data-fullscreen=\"0\">\n\t\t<div class=\"tg_horizontal_gallery_cell\" style=\"margin-right:40px\">\n\t\t\t\t\t\t<img class=\"tg_horizontal_gallery_cell_img\" data-flickity-lazyload=\"https:\/\/www.hotelvillagomera.com\/wp-content\/uploads\/2022\/04\/DSC2851-1-1024x682.jpg\" alt=\"\" style=\"height:500px;\" \/>\n\t\t\t\t\t<\/div>\n\t\t<div class=\"tg_horizontal_gallery_cell\" style=\"margin-right:40px\">\n\t\t\t\t\t\t<img class=\"tg_horizontal_gallery_cell_img\" data-flickity-lazyload=\"https:\/\/www.hotelvillagomera.com\/wp-content\/uploads\/2022\/04\/DSC2852-1-1024x682.jpg\" alt=\"\" style=\"height:500px;\" \/>\n\t\t\t\t\t<\/div>\n\t\t<div class=\"tg_horizontal_gallery_cell\" style=\"margin-right:40px\">\n\t\t\t\t\t\t<img class=\"tg_horizontal_gallery_cell_img\" data-flickity-lazyload=\"https:\/\/www.hotelvillagomera.com\/wp-content\/uploads\/2022\/04\/DSC2853-1-1024x682.jpg\" alt=\"\" style=\"height:500px;\" \/>\n\t\t\t\t\t<\/div>\n\t\t<div class=\"tg_horizontal_gallery_cell\" style=\"margin-right:40px\">\n\t\t\t\t\t\t<img class=\"tg_horizontal_gallery_cell_img\" data-flickity-lazyload=\"https:\/\/www.hotelvillagomera.com\/wp-content\/uploads\/2022\/04\/DSC2854-1-683x1024.jpg\" alt=\"\" style=\"height:500px;\" \/>\n\t\t\t\t\t<\/div>\n<\/div>\n\t\t\t\t<\/div>\n\t\t\t\t<\/div>\n\t\t\t\t\t<\/div>\n\t\t<\/div>\n\t\t\t\t\t<\/div>\n\t\t<\/section>\n\t\t\t\t<\/div>\n\t\t","protected":false},"excerpt":{"rendered":"<p>STUDIOS STUDIOS Die Sudios haben ein privates Badezimmer mit Haartrockner, einen Flachbild TV mit Zugang zu nationalen und internationalen Kan\u00e4len, Wlan, Ventilator, einen Kleiderschrank und eine K\u00fcche ausgestattet mit Mikrowelle, K\u00fchlschrank, Herd, Sp\u00fclbecken und K\u00fcchenzubeh\u00f6r.<\/p>\n","protected":false},"author":1,"featured_media":0,"parent":0,"menu_order":0,"comment_status":"closed","ping_status":"closed","template":"","meta":{"content-type":"","footnotes":""},"class_list":["post-1841","page","type-page","status-publish","hentry"],"yoast_head":"<!-- This site is optimized with the Yoast SEO plugin v27.4 - https:\/\/yoast.com\/product\/yoast-seo-wordpress\/ -->\n<title>Studien - Hotel Villa Gomera<\/title>\n<meta name=\"robots\" content=\"index, follow, max-snippet:-1, max-image-preview:large, max-video-preview:-1\" \/>\n<link rel=\"canonical\" href=\"https:\/\/www.hotelvillagomera.com\/de\/studien\/\" \/>\n<meta property=\"og:locale\" content=\"de_DE\" \/>\n<meta property=\"og:type\" content=\"article\" \/>\n<meta property=\"og:title\" content=\"Studien - Hotel Villa Gomera\" \/>\n<meta property=\"og:description\" content=\"STUDIOS STUDIOS Die Sudios haben ein privates Badezimmer mit Haartrockner, einen Flachbild TV mit Zugang zu nationalen und internationalen Kan\u00e4len, Wlan, Ventilator, einen Kleiderschrank und eine K\u00fcche ausgestattet mit Mikrowelle, K\u00fchlschrank, Herd, Sp\u00fclbecken und K\u00fcchenzubeh\u00f6r.\" \/>\n<meta property=\"og:url\" content=\"https:\/\/www.hotelvillagomera.com\/de\/studien\/\" \/>\n<meta property=\"og:site_name\" content=\"Hotel Villa Gomera\" \/>\n<meta property=\"article:modified_time\" content=\"2022-10-21T17:05:55+00:00\" \/>\n<meta property=\"og:image\" content=\"https:\/\/www.hotelvillagomera.com\/wp-content\/uploads\/2022\/04\/DSC2850-1-1024x682.jpg\" \/>\n<meta name=\"twitter:card\" content=\"summary_large_image\" \/>\n<meta name=\"twitter:label1\" content=\"Gesch\u00e4tzte Lesezeit\" \/>\n\t<meta name=\"twitter:data1\" content=\"2\u00a0Minuten\" \/>\n<script type=\"application\/ld+json\" class=\"yoast-schema-graph\">{\"@context\":\"https:\\\/\\\/schema.org\",\"@graph\":[{\"@type\":\"WebPage\",\"@id\":\"https:\\\/\\\/www.hotelvillagomera.com\\\/de\\\/studien\\\/\",\"url\":\"https:\\\/\\\/www.hotelvillagomera.com\\\/de\\\/studien\\\/\",\"name\":\"Studien - Hotel Villa Gomera\",\"isPartOf\":{\"@id\":\"https:\\\/\\\/www.hotelvillagomera.com\\\/de\\\/#website\"},\"primaryImageOfPage\":{\"@id\":\"https:\\\/\\\/www.hotelvillagomera.com\\\/de\\\/studien\\\/#primaryimage\"},\"image\":{\"@id\":\"https:\\\/\\\/www.hotelvillagomera.com\\\/de\\\/studien\\\/#primaryimage\"},\"thumbnailUrl\":\"https:\\\/\\\/www.hotelvillagomera.com\\\/wp-content\\\/uploads\\\/2022\\\/04\\\/DSC2850-1-1024x682.jpg\",\"datePublished\":\"2022-04-03T18:44:00+00:00\",\"dateModified\":\"2022-10-21T17:05:55+00:00\",\"breadcrumb\":{\"@id\":\"https:\\\/\\\/www.hotelvillagomera.com\\\/de\\\/studien\\\/#breadcrumb\"},\"inLanguage\":\"de\",\"potentialAction\":[{\"@type\":\"ReadAction\",\"target\":[\"https:\\\/\\\/www.hotelvillagomera.com\\\/de\\\/studien\\\/\"]}]},{\"@type\":\"ImageObject\",\"inLanguage\":\"de\",\"@id\":\"https:\\\/\\\/www.hotelvillagomera.com\\\/de\\\/studien\\\/#primaryimage\",\"url\":\"https:\\\/\\\/www.hotelvillagomera.com\\\/wp-content\\\/uploads\\\/2022\\\/04\\\/DSC2850-1-1024x682.jpg\",\"contentUrl\":\"https:\\\/\\\/www.hotelvillagomera.com\\\/wp-content\\\/uploads\\\/2022\\\/04\\\/DSC2850-1-1024x682.jpg\"},{\"@type\":\"BreadcrumbList\",\"@id\":\"https:\\\/\\\/www.hotelvillagomera.com\\\/de\\\/studien\\\/#breadcrumb\",\"itemListElement\":[{\"@type\":\"ListItem\",\"position\":1,\"name\":\"Home\",\"item\":\"https:\\\/\\\/www.hotelvillagomera.com\\\/de\\\/\"},{\"@type\":\"ListItem\",\"position\":2,\"name\":\"Studien\"}]},{\"@type\":\"WebSite\",\"@id\":\"https:\\\/\\\/www.hotelvillagomera.com\\\/de\\\/#website\",\"url\":\"https:\\\/\\\/www.hotelvillagomera.com\\\/de\\\/\",\"name\":\"Hotel Villa Gomera\",\"description\":\"\",\"potentialAction\":[{\"@type\":\"SearchAction\",\"target\":{\"@type\":\"EntryPoint\",\"urlTemplate\":\"https:\\\/\\\/www.hotelvillagomera.com\\\/de\\\/?s={search_term_string}\"},\"query-input\":{\"@type\":\"PropertyValueSpecification\",\"valueRequired\":true,\"valueName\":\"search_term_string\"}}],\"inLanguage\":\"de\"}]}<\/script>\n<!-- \/ Yoast SEO plugin. -->","yoast_head_json":{"title":"Studien - Hotel Villa Gomera","robots":{"index":"index","follow":"follow","max-snippet":"max-snippet:-1","max-image-preview":"max-image-preview:large","max-video-preview":"max-video-preview:-1"},"canonical":"https:\/\/www.hotelvillagomera.com\/de\/studien\/","og_locale":"de_DE","og_type":"article","og_title":"Studien - Hotel Villa Gomera","og_description":"STUDIOS STUDIOS Die Sudios haben ein privates Badezimmer mit Haartrockner, einen Flachbild TV mit Zugang zu nationalen und internationalen Kan\u00e4len, Wlan, Ventilator, einen Kleiderschrank und eine K\u00fcche ausgestattet mit Mikrowelle, K\u00fchlschrank, Herd, Sp\u00fclbecken und K\u00fcchenzubeh\u00f6r.","og_url":"https:\/\/www.hotelvillagomera.com\/de\/studien\/","og_site_name":"Hotel Villa Gomera","article_modified_time":"2022-10-21T17:05:55+00:00","og_image":[{"url":"https:\/\/www.hotelvillagomera.com\/wp-content\/uploads\/2022\/04\/DSC2850-1-1024x682.jpg","type":"","width":"","height":""}],"twitter_card":"summary_large_image","twitter_misc":{"Gesch\u00e4tzte Lesezeit":"2\u00a0Minuten"},"schema":{"@context":"https:\/\/schema.org","@graph":[{"@type":"WebPage","@id":"https:\/\/www.hotelvillagomera.com\/de\/studien\/","url":"https:\/\/www.hotelvillagomera.com\/de\/studien\/","name":"Studien - Hotel Villa Gomera","isPartOf":{"@id":"https:\/\/www.hotelvillagomera.com\/de\/#website"},"primaryImageOfPage":{"@id":"https:\/\/www.hotelvillagomera.com\/de\/studien\/#primaryimage"},"image":{"@id":"https:\/\/www.hotelvillagomera.com\/de\/studien\/#primaryimage"},"thumbnailUrl":"https:\/\/www.hotelvillagomera.com\/wp-content\/uploads\/2022\/04\/DSC2850-1-1024x682.jpg","datePublished":"2022-04-03T18:44:00+00:00","dateModified":"2022-10-21T17:05:55+00:00","breadcrumb":{"@id":"https:\/\/www.hotelvillagomera.com\/de\/studien\/#breadcrumb"},"inLanguage":"de","potentialAction":[{"@type":"ReadAction","target":["https:\/\/www.hotelvillagomera.com\/de\/studien\/"]}]},{"@type":"ImageObject","inLanguage":"de","@id":"https:\/\/www.hotelvillagomera.com\/de\/studien\/#primaryimage","url":"https:\/\/www.hotelvillagomera.com\/wp-content\/uploads\/2022\/04\/DSC2850-1-1024x682.jpg","contentUrl":"https:\/\/www.hotelvillagomera.com\/wp-content\/uploads\/2022\/04\/DSC2850-1-1024x682.jpg"},{"@type":"BreadcrumbList","@id":"https:\/\/www.hotelvillagomera.com\/de\/studien\/#breadcrumb","itemListElement":[{"@type":"ListItem","position":1,"name":"Home","item":"https:\/\/www.hotelvillagomera.com\/de\/"},{"@type":"ListItem","position":2,"name":"Studien"}]},{"@type":"WebSite","@id":"https:\/\/www.hotelvillagomera.com\/de\/#website","url":"https:\/\/www.hotelvillagomera.com\/de\/","name":"Hotel Villa Gomera","description":"","potentialAction":[{"@type":"SearchAction","target":{"@type":"EntryPoint","urlTemplate":"https:\/\/www.hotelvillagomera.com\/de\/?s={search_term_string}"},"query-input":{"@type":"PropertyValueSpecification","valueRequired":true,"valueName":"search_term_string"}}],"inLanguage":"de"}]}},"_links":{"self":[{"href":"https:\/\/www.hotelvillagomera.com\/de\/wp-json\/wp\/v2\/pages\/1841","targetHints":{"allow":["GET"]}}],"collection":[{"href":"https:\/\/www.hotelvillagomera.com\/de\/wp-json\/wp\/v2\/pages"}],"about":[{"href":"https:\/\/www.hotelvillagomera.com\/de\/wp-json\/wp\/v2\/types\/page"}],"author":[{"embeddable":true,"href":"https:\/\/www.hotelvillagomera.com\/de\/wp-json\/wp\/v2\/users\/1"}],"replies":[{"embeddable":true,"href":"https:\/\/www.hotelvillagomera.com\/de\/wp-json\/wp\/v2\/comments?post=1841"}],"version-history":[{"count":9,"href":"https:\/\/www.hotelvillagomera.com\/de\/wp-json\/wp\/v2\/pages\/1841\/revisions"}],"predecessor-version":[{"id":2031,"href":"https:\/\/www.hotelvillagomera.com\/de\/wp-json\/wp\/v2\/pages\/1841\/revisions\/2031"}],"wp:attachment":[{"href":"https:\/\/www.hotelvillagomera.com\/de\/wp-json\/wp\/v2\/media?parent=1841"}],"curies":[{"name":"wp","href":"https:\/\/api.w.org\/{rel}","templated":true}]}}