{"id":1676,"date":"2021-11-11T17:15:28","date_gmt":"2021-11-11T17:15:28","guid":{"rendered":"https:\/\/www.hotelvillagomera.com\/reservierungen\/"},"modified":"2022-10-20T08:59:38","modified_gmt":"2022-10-20T08:59:38","slug":"reservierungen","status":"publish","type":"page","link":"https:\/\/www.hotelvillagomera.com\/de\/reservierungen\/","title":{"rendered":"Reservierungen"},"content":{"rendered":"\t\t<div data-elementor-type=\"wp-page\" data-elementor-id=\"1676\" class=\"elementor elementor-1676 elementor-19\">\n\t\t\t\t\t\t<section class=\"elementor-section elementor-top-section elementor-element elementor-element-469a3c31 elementor-section-height-full elementor-section-content-middle elementor-section-stretched elementor-section-boxed elementor-section-height-default elementor-section-items-middle\" data-id=\"469a3c31\" data-element_type=\"section\" data-e-type=\"section\" data-settings=\"{&quot;background_background&quot;:&quot;classic&quot;,&quot;stretch_section&quot;:&quot;section-stretched&quot;,&quot;hoteller_ext_is_background_parallax&quot;:&quot;false&quot;,&quot;hoteller_ext_is_background_on_scroll&quot;:&quot;false&quot;}\">\n\t\t\t\t\t\t<div class=\"elementor-container elementor-column-gap-default\">\n\t\t\t\t\t<div class=\"elementor-column elementor-col-100 elementor-top-column elementor-element elementor-element-3f1aed5\" data-id=\"3f1aed5\" data-element_type=\"column\" data-e-type=\"column\" data-settings=\"{&quot;background_background&quot;:&quot;classic&quot;,&quot;hoteller_ext_link_sidemenu&quot;:&quot;false&quot;,&quot;hoteller_ext_link_fullmenu&quot;:&quot;false&quot;,&quot;hoteller_ext_is_scrollme&quot;:&quot;false&quot;,&quot;hoteller_ext_is_smoove&quot;:&quot;false&quot;,&quot;hoteller_ext_is_parallax_mouse&quot;:&quot;false&quot;,&quot;hoteller_ext_is_infinite&quot;:&quot;false&quot;,&quot;hoteller_ext_is_fadeout_animation&quot;:&quot;false&quot;}\">\n\t\t\t<div class=\"elementor-widget-wrap elementor-element-populated\">\n\t\t\t\t\t\t<div class=\"elementor-element elementor-element-fe7e090 elementor-widget elementor-widget-text-editor\" data-id=\"fe7e090\" data-element_type=\"widget\" data-e-type=\"widget\" data-settings=\"{&quot;hoteller_ext_link_sidemenu&quot;:&quot;false&quot;,&quot;hoteller_ext_link_fullmenu&quot;:&quot;false&quot;,&quot;hoteller_ext_is_scrollme&quot;:&quot;false&quot;,&quot;hoteller_ext_is_smoove&quot;:&quot;false&quot;,&quot;hoteller_ext_is_parallax_mouse&quot;:&quot;false&quot;,&quot;hoteller_ext_is_infinite&quot;:&quot;false&quot;,&quot;hoteller_ext_is_fadeout_animation&quot;:&quot;false&quot;}\" data-widget_type=\"text-editor.default\">\n\t\t\t\t<div class=\"elementor-widget-container\">\n\t\t\t\t\t\t\t\t\t<p style=\"text-align: center;\">W\u00e4hlen Sie den Zeitraum und genie\u00dfen Sie die besten Bedingungen f\u00fcr einen Aufenthalt in unserem Haus.<\/p>\n\t\t\t\t\t\t\t\t<\/div>\n\t\t\t\t<\/div>\n\t\t\t\t<div class=\"elementor-element elementor-element-4b071de2 elementor-widget elementor-widget-text-editor\" data-id=\"4b071de2\" data-element_type=\"widget\" data-e-type=\"widget\" data-settings=\"{&quot;hoteller_ext_link_sidemenu&quot;:&quot;false&quot;,&quot;hoteller_ext_link_fullmenu&quot;:&quot;false&quot;,&quot;hoteller_ext_is_scrollme&quot;:&quot;false&quot;,&quot;hoteller_ext_is_smoove&quot;:&quot;false&quot;,&quot;hoteller_ext_is_parallax_mouse&quot;:&quot;false&quot;,&quot;hoteller_ext_is_infinite&quot;:&quot;false&quot;,&quot;hoteller_ext_is_fadeout_animation&quot;:&quot;false&quot;}\" data-widget_type=\"text-editor.default\">\n\t\t\t\t<div class=\"elementor-widget-container\">\n\t\t\t\t\t\t\t\t\t\n<p><form class=ohbe-search-form method=POST><div class=input-group><input name=ohbe_arrival class=ohbe-datepicker-arrival placeholder=\"Anreise\" required readonly data-group-id=69e3072aaee25><input name=ohbe_departure class=ohbe-datepicker-departure placeholder=\"Abreise\" required readonly data-group-id=69e3072aaee25><input type=hidden name=ohbe_datepicker_arrival><input type=hidden name=ohbe_datepicker_departure><button type=submit name=ohbe_search_submit class=\"btn-ohbe ohbe-search-submit\">Suchen<\/button><\/div><\/form><\/p>\n\t\t\t\t\t\t\t\t<\/div>\n\t\t\t\t<\/div>\n\t\t\t\t\t<\/div>\n\t\t<\/div>\n\t\t\t\t\t<\/div>\n\t\t<\/section>\n\t\t\t\t<\/div>\n\t\t","protected":false},"excerpt":{"rendered":"<p>W\u00e4hlen Sie den Zeitraum und genie\u00dfen Sie die besten Bedingungen f\u00fcr einen Aufenthalt in unserem Haus.<\/p>\n","protected":false},"author":1,"featured_media":0,"parent":0,"menu_order":0,"comment_status":"closed","ping_status":"closed","template":"","meta":{"content-type":"","footnotes":""},"class_list":["post-1676","page","type-page","status-publish","hentry"],"yoast_head":"<!-- This site is optimized with the Yoast SEO plugin v27.4 - https:\/\/yoast.com\/product\/yoast-seo-wordpress\/ -->\n<title>Reservierungen - Hotel Villa Gomera<\/title>\n<meta name=\"robots\" content=\"index, follow, max-snippet:-1, max-image-preview:large, max-video-preview:-1\" \/>\n<link rel=\"canonical\" href=\"https:\/\/www.hotelvillagomera.com\/de\/reservierungen\/\" \/>\n<meta property=\"og:locale\" content=\"de_DE\" \/>\n<meta property=\"og:type\" content=\"article\" \/>\n<meta property=\"og:title\" content=\"Reservierungen - Hotel Villa Gomera\" \/>\n<meta property=\"og:description\" content=\"W\u00e4hlen Sie den Zeitraum und genie\u00dfen Sie die besten Bedingungen f\u00fcr einen Aufenthalt in unserem Haus.\" \/>\n<meta property=\"og:url\" content=\"https:\/\/www.hotelvillagomera.com\/de\/reservierungen\/\" \/>\n<meta property=\"og:site_name\" content=\"Hotel Villa Gomera\" \/>\n<meta property=\"article:modified_time\" content=\"2022-10-20T08:59:38+00:00\" \/>\n<meta name=\"twitter:card\" content=\"summary_large_image\" \/>\n<meta name=\"twitter:label1\" content=\"Gesch\u00e4tzte Lesezeit\" \/>\n\t<meta name=\"twitter:data1\" content=\"1\u00a0Minute\" \/>\n<script type=\"application\/ld+json\" class=\"yoast-schema-graph\">{\"@context\":\"https:\\\/\\\/schema.org\",\"@graph\":[{\"@type\":\"WebPage\",\"@id\":\"https:\\\/\\\/www.hotelvillagomera.com\\\/de\\\/reservierungen\\\/\",\"url\":\"https:\\\/\\\/www.hotelvillagomera.com\\\/de\\\/reservierungen\\\/\",\"name\":\"Reservierungen - Hotel Villa Gomera\",\"isPartOf\":{\"@id\":\"https:\\\/\\\/www.hotelvillagomera.com\\\/de\\\/#website\"},\"datePublished\":\"2021-11-11T17:15:28+00:00\",\"dateModified\":\"2022-10-20T08:59:38+00:00\",\"breadcrumb\":{\"@id\":\"https:\\\/\\\/www.hotelvillagomera.com\\\/de\\\/reservierungen\\\/#breadcrumb\"},\"inLanguage\":\"de\",\"potentialAction\":[{\"@type\":\"ReadAction\",\"target\":[\"https:\\\/\\\/www.hotelvillagomera.com\\\/de\\\/reservierungen\\\/\"]}]},{\"@type\":\"BreadcrumbList\",\"@id\":\"https:\\\/\\\/www.hotelvillagomera.com\\\/de\\\/reservierungen\\\/#breadcrumb\",\"itemListElement\":[{\"@type\":\"ListItem\",\"position\":1,\"name\":\"Home\",\"item\":\"https:\\\/\\\/www.hotelvillagomera.com\\\/de\\\/\"},{\"@type\":\"ListItem\",\"position\":2,\"name\":\"Reservierungen\"}]},{\"@type\":\"WebSite\",\"@id\":\"https:\\\/\\\/www.hotelvillagomera.com\\\/de\\\/#website\",\"url\":\"https:\\\/\\\/www.hotelvillagomera.com\\\/de\\\/\",\"name\":\"Hotel Villa Gomera\",\"description\":\"\",\"potentialAction\":[{\"@type\":\"SearchAction\",\"target\":{\"@type\":\"EntryPoint\",\"urlTemplate\":\"https:\\\/\\\/www.hotelvillagomera.com\\\/de\\\/?s={search_term_string}\"},\"query-input\":{\"@type\":\"PropertyValueSpecification\",\"valueRequired\":true,\"valueName\":\"search_term_string\"}}],\"inLanguage\":\"de\"}]}<\/script>\n<!-- \/ Yoast SEO plugin. -->","yoast_head_json":{"title":"Reservierungen - Hotel Villa Gomera","robots":{"index":"index","follow":"follow","max-snippet":"max-snippet:-1","max-image-preview":"max-image-preview:large","max-video-preview":"max-video-preview:-1"},"canonical":"https:\/\/www.hotelvillagomera.com\/de\/reservierungen\/","og_locale":"de_DE","og_type":"article","og_title":"Reservierungen - Hotel Villa Gomera","og_description":"W\u00e4hlen Sie den Zeitraum und genie\u00dfen Sie die besten Bedingungen f\u00fcr einen Aufenthalt in unserem Haus.","og_url":"https:\/\/www.hotelvillagomera.com\/de\/reservierungen\/","og_site_name":"Hotel Villa Gomera","article_modified_time":"2022-10-20T08:59:38+00:00","twitter_card":"summary_large_image","twitter_misc":{"Gesch\u00e4tzte Lesezeit":"1\u00a0Minute"},"schema":{"@context":"https:\/\/schema.org","@graph":[{"@type":"WebPage","@id":"https:\/\/www.hotelvillagomera.com\/de\/reservierungen\/","url":"https:\/\/www.hotelvillagomera.com\/de\/reservierungen\/","name":"Reservierungen - Hotel Villa Gomera","isPartOf":{"@id":"https:\/\/www.hotelvillagomera.com\/de\/#website"},"datePublished":"2021-11-11T17:15:28+00:00","dateModified":"2022-10-20T08:59:38+00:00","breadcrumb":{"@id":"https:\/\/www.hotelvillagomera.com\/de\/reservierungen\/#breadcrumb"},"inLanguage":"de","potentialAction":[{"@type":"ReadAction","target":["https:\/\/www.hotelvillagomera.com\/de\/reservierungen\/"]}]},{"@type":"BreadcrumbList","@id":"https:\/\/www.hotelvillagomera.com\/de\/reservierungen\/#breadcrumb","itemListElement":[{"@type":"ListItem","position":1,"name":"Home","item":"https:\/\/www.hotelvillagomera.com\/de\/"},{"@type":"ListItem","position":2,"name":"Reservierungen"}]},{"@type":"WebSite","@id":"https:\/\/www.hotelvillagomera.com\/de\/#website","url":"https:\/\/www.hotelvillagomera.com\/de\/","name":"Hotel Villa Gomera","description":"","potentialAction":[{"@type":"SearchAction","target":{"@type":"EntryPoint","urlTemplate":"https:\/\/www.hotelvillagomera.com\/de\/?s={search_term_string}"},"query-input":{"@type":"PropertyValueSpecification","valueRequired":true,"valueName":"search_term_string"}}],"inLanguage":"de"}]}},"_links":{"self":[{"href":"https:\/\/www.hotelvillagomera.com\/de\/wp-json\/wp\/v2\/pages\/1676","targetHints":{"allow":["GET"]}}],"collection":[{"href":"https:\/\/www.hotelvillagomera.com\/de\/wp-json\/wp\/v2\/pages"}],"about":[{"href":"https:\/\/www.hotelvillagomera.com\/de\/wp-json\/wp\/v2\/types\/page"}],"author":[{"embeddable":true,"href":"https:\/\/www.hotelvillagomera.com\/de\/wp-json\/wp\/v2\/users\/1"}],"replies":[{"embeddable":true,"href":"https:\/\/www.hotelvillagomera.com\/de\/wp-json\/wp\/v2\/comments?post=1676"}],"version-history":[{"count":5,"href":"https:\/\/www.hotelvillagomera.com\/de\/wp-json\/wp\/v2\/pages\/1676\/revisions"}],"predecessor-version":[{"id":1917,"href":"https:\/\/www.hotelvillagomera.com\/de\/wp-json\/wp\/v2\/pages\/1676\/revisions\/1917"}],"wp:attachment":[{"href":"https:\/\/www.hotelvillagomera.com\/de\/wp-json\/wp\/v2\/media?parent=1676"}],"curies":[{"name":"wp","href":"https:\/\/api.w.org\/{rel}","templated":true}]}}